{"id":399,"date":"2025-12-21T14:33:29","date_gmt":"2025-12-21T14:33:29","guid":{"rendered":"https:\/\/eisenbahnfreunde-ostfriesland.de\/?page_id=399"},"modified":"2025-12-21T15:11:46","modified_gmt":"2025-12-21T15:11:46","slug":"neustart-in-weener","status":"publish","type":"page","link":"http:\/\/eisenbahnfreunde-ostfriesland.de\/?page_id=399","title":{"rendered":"&#8230; Neustart in Weener"},"content":{"rendered":"\n<p>Nachdem wir endlich in Weener angekommen waren, blickten wir auf eine anstrengende, aber auch aufregende Zeit zur\u00fcck. Der Umzug hatte uns viel Energie und Zeit gekostet, doch die Vorfreude auf das, was vor uns lag, lie\u00df uns alle M\u00fchen schnell vergessen. Unsere K\u00f6pfe waren voller Ideen, wie wir den Dachboden gestalten und nutzen k\u00f6nnten.<\/p>\n\n\n\n<p>Das Grundkonzept f\u00fcr unseren neuen Dachboden war schnell gefunden: Zwei gro\u00dfe Hallen und zahlreiche kleinere R\u00e4ume sollten entstehen. In der ersten gro\u00dfen Halle sollte unsere neue H0-Vereinsanlage ihren Platz finden \u2013 ein lang gehegter Traum vieler Mitglieder. Die zweite Halle wollten wir bewusst offenlassen, um sie flexibel f\u00fcr verschiedene Zwecke wie Ausstellungen oder Veranstaltungen nutzen zu k\u00f6nnen. Die kleineren R\u00e4ume sollten als weitere Vereinsr\u00e4ume dienen: Ein gem\u00fctlicher Clubraum, eine gut ausgestattete Holzwerkstatt, ein Werkzeuglager, eine praktische K\u00fcche sowie Toiletten waren geplant. Alle \u00fcbrigen R\u00e4ume wollten wir f\u00fcr private Modellbahnanlagen zur Verf\u00fcgung stellen, damit  Mitglieder ihre eigenen Projekte verwirklichen konnte.<\/p>\n\n\n\n<figure class=\"wp-block-gallery has-nested-images columns-default is-cropped wp-block-gallery-1 is-layout-flex wp-block-gallery-is-layout-flex\">\n<figure class=\"wp-block-image size-large\"><img loading=\"lazy\" decoding=\"async\" width=\"1024\" height=\"768\" data-id=\"394\" src=\"https:\/\/eisenbahnfreunde-ostfriesland.de\/wp-content\/uploads\/2023\/10\/20231018_211710-1024x768.jpg\" alt=\"\" class=\"wp-image-394\" srcset=\"http:\/\/eisenbahnfreunde-ostfriesland.de\/wp-content\/uploads\/2023\/10\/20231018_211710-1024x768.jpg 1024w, http:\/\/eisenbahnfreunde-ostfriesland.de\/wp-content\/uploads\/2023\/10\/20231018_211710-300x225.jpg 300w, http:\/\/eisenbahnfreunde-ostfriesland.de\/wp-content\/uploads\/2023\/10\/20231018_211710-768x576.jpg 768w, http:\/\/eisenbahnfreunde-ostfriesland.de\/wp-content\/uploads\/2023\/10\/20231018_211710-1536x1152.jpg 1536w, http:\/\/eisenbahnfreunde-ostfriesland.de\/wp-content\/uploads\/2023\/10\/20231018_211710-2048x1536.jpg 2048w\" sizes=\"auto, (max-width: 767px) 89vw, (max-width: 1000px) 54vw, (max-width: 1071px) 543px, 580px\" \/><\/figure>\n\n\n\n<figure class=\"wp-block-image size-large\"><img loading=\"lazy\" decoding=\"async\" width=\"1024\" height=\"768\" data-id=\"393\" src=\"https:\/\/eisenbahnfreunde-ostfriesland.de\/wp-content\/uploads\/2023\/10\/20231018_211606-1024x768.jpg\" alt=\"\" class=\"wp-image-393\" srcset=\"http:\/\/eisenbahnfreunde-ostfriesland.de\/wp-content\/uploads\/2023\/10\/20231018_211606-1024x768.jpg 1024w, http:\/\/eisenbahnfreunde-ostfriesland.de\/wp-content\/uploads\/2023\/10\/20231018_211606-300x225.jpg 300w, http:\/\/eisenbahnfreunde-ostfriesland.de\/wp-content\/uploads\/2023\/10\/20231018_211606-768x576.jpg 768w, http:\/\/eisenbahnfreunde-ostfriesland.de\/wp-content\/uploads\/2023\/10\/20231018_211606-1536x1152.jpg 1536w, http:\/\/eisenbahnfreunde-ostfriesland.de\/wp-content\/uploads\/2023\/10\/20231018_211606-2048x1536.jpg 2048w\" sizes=\"auto, (max-width: 767px) 89vw, (max-width: 1000px) 54vw, (max-width: 1071px) 543px, 580px\" \/><\/figure>\n\n\n\n<figure class=\"wp-block-image size-large\"><img loading=\"lazy\" decoding=\"async\" width=\"1024\" height=\"768\" data-id=\"392\" src=\"https:\/\/eisenbahnfreunde-ostfriesland.de\/wp-content\/uploads\/2023\/10\/20231018_211411-1024x768.jpg\" alt=\"\" class=\"wp-image-392\" srcset=\"http:\/\/eisenbahnfreunde-ostfriesland.de\/wp-content\/uploads\/2023\/10\/20231018_211411-1024x768.jpg 1024w, http:\/\/eisenbahnfreunde-ostfriesland.de\/wp-content\/uploads\/2023\/10\/20231018_211411-300x225.jpg 300w, http:\/\/eisenbahnfreunde-ostfriesland.de\/wp-content\/uploads\/2023\/10\/20231018_211411-768x576.jpg 768w, http:\/\/eisenbahnfreunde-ostfriesland.de\/wp-content\/uploads\/2023\/10\/20231018_211411-1536x1152.jpg 1536w, http:\/\/eisenbahnfreunde-ostfriesland.de\/wp-content\/uploads\/2023\/10\/20231018_211411-2048x1536.jpg 2048w\" sizes=\"auto, (max-width: 767px) 89vw, (max-width: 1000px) 54vw, (max-width: 1071px) 543px, 580px\" \/><\/figure>\n<\/figure>\n\n\n\n<p>Bald schon begannen die Renovierungsarbeiten. Zuerst wurde der Clubraum fertiggestellt, gefolgt von Diethelms Modellbauladen, der schnell zu einem beliebten Treffpunkt wurde. Die gro\u00dfe Halle spritzten wir kurzerhand, da dies einfach schneller ging. Immer wieder brachten unsere Mitglieder neues Material mit, das wir f\u00fcr den Ausbau dringend ben\u00f6tigten. So konnten wir beispielsweise spontan eine komplette K\u00fcche \u00fcbernehmen, 300 Quadratmeter Laminat \u00fcbernehmen und ausreichend Farbe f\u00fcr die Renovierung von Flur, Treppenaufgang und Toiletten besorgen. Nach und nach entstanden so die K\u00fcche, die Toiletten und viele weitere R\u00e4ume.<\/p>\n\n\n\n<figure class=\"wp-block-gallery has-nested-images columns-default is-cropped wp-block-gallery-2 is-layout-flex wp-block-gallery-is-layout-flex\">\n<figure class=\"wp-block-image size-large\"><img loading=\"lazy\" decoding=\"async\" width=\"1024\" height=\"768\" data-id=\"388\" src=\"https:\/\/eisenbahnfreunde-ostfriesland.de\/wp-content\/uploads\/2023\/08\/20230823_185808-1024x768.jpg\" alt=\"\" class=\"wp-image-388\" srcset=\"http:\/\/eisenbahnfreunde-ostfriesland.de\/wp-content\/uploads\/2023\/08\/20230823_185808-1024x768.jpg 1024w, http:\/\/eisenbahnfreunde-ostfriesland.de\/wp-content\/uploads\/2023\/08\/20230823_185808-300x225.jpg 300w, http:\/\/eisenbahnfreunde-ostfriesland.de\/wp-content\/uploads\/2023\/08\/20230823_185808-768x576.jpg 768w, http:\/\/eisenbahnfreunde-ostfriesland.de\/wp-content\/uploads\/2023\/08\/20230823_185808-1536x1152.jpg 1536w, http:\/\/eisenbahnfreunde-ostfriesland.de\/wp-content\/uploads\/2023\/08\/20230823_185808-2048x1536.jpg 2048w\" sizes=\"auto, (max-width: 767px) 89vw, (max-width: 1000px) 54vw, (max-width: 1071px) 543px, 580px\" \/><\/figure>\n\n\n\n<figure class=\"wp-block-image size-large\"><img loading=\"lazy\" decoding=\"async\" width=\"768\" height=\"1024\" data-id=\"385\" src=\"https:\/\/eisenbahnfreunde-ostfriesland.de\/wp-content\/uploads\/2023\/08\/20230823_185750-768x1024.jpg\" alt=\"\" class=\"wp-image-385\" srcset=\"http:\/\/eisenbahnfreunde-ostfriesland.de\/wp-content\/uploads\/2023\/08\/20230823_185750-768x1024.jpg 768w, http:\/\/eisenbahnfreunde-ostfriesland.de\/wp-content\/uploads\/2023\/08\/20230823_185750-225x300.jpg 225w, http:\/\/eisenbahnfreunde-ostfriesland.de\/wp-content\/uploads\/2023\/08\/20230823_185750-1152x1536.jpg 1152w, http:\/\/eisenbahnfreunde-ostfriesland.de\/wp-content\/uploads\/2023\/08\/20230823_185750-1536x2048.jpg 1536w, http:\/\/eisenbahnfreunde-ostfriesland.de\/wp-content\/uploads\/2023\/08\/20230823_185750-scaled.jpg 1920w\" sizes=\"auto, (max-width: 767px) 89vw, (max-width: 1000px) 54vw, (max-width: 1071px) 543px, 580px\" \/><\/figure>\n\n\n\n<figure class=\"wp-block-image size-large\"><img loading=\"lazy\" decoding=\"async\" width=\"768\" height=\"1024\" data-id=\"335\" src=\"http:\/\/eisenbahnfreunde-ostfriesland.de\/wp-content\/uploads\/2023\/07\/20230712_213113-768x1024.jpg\" alt=\"\" class=\"wp-image-335\" srcset=\"http:\/\/eisenbahnfreunde-ostfriesland.de\/wp-content\/uploads\/2023\/07\/20230712_213113-768x1024.jpg 768w, http:\/\/eisenbahnfreunde-ostfriesland.de\/wp-content\/uploads\/2023\/07\/20230712_213113-225x300.jpg 225w, http:\/\/eisenbahnfreunde-ostfriesland.de\/wp-content\/uploads\/2023\/07\/20230712_213113-1152x1536.jpg 1152w, http:\/\/eisenbahnfreunde-ostfriesland.de\/wp-content\/uploads\/2023\/07\/20230712_213113-1536x2048.jpg 1536w, http:\/\/eisenbahnfreunde-ostfriesland.de\/wp-content\/uploads\/2023\/07\/20230712_213113-scaled.jpg 1920w\" sizes=\"auto, (max-width: 767px) 89vw, (max-width: 1000px) 54vw, (max-width: 1071px) 543px, 580px\" \/><\/figure>\n<\/figure>\n\n\n\n<p>Vor der neuen Eingangst\u00fcr legten wir eine kleine Terrasse an, die sich perfekt f\u00fcr gesellige Grillabende eignet. Ein gr\u00f6\u00dferer Arbeitseinsatz war die Kontrolle und Reparatur des Dachs, die wir gemeinsam meisterten. Auch die H0-Anlage des Vereins bekam einen stabilen Unterbau. Zus\u00e4tzlich konnten wir weitere Anlagenteile \u00fcbernehmen, die wir zun\u00e4chst \u00fcber mehrere Wochen hinweg sortieren mussten.<\/p>\n\n\n\n<p>Mittlerweile sind wir schon zwei Jahre an unserer neuen Adresse. Die gro\u00dfen Bauprojekte sind weitgehend abgeschlossen, sodass wir uns nun endlich voll und ganz auf den Bau und die Gestaltung unserer Anlagen konzentrieren k\u00f6nnen. Die Gemeinschaft und das Engagement aller Mitglieder haben diesen Ort zu einem lebendigen Zentrum f\u00fcr unser Hobby gemacht.<\/p>\n\n\n\n<figure class=\"wp-block-gallery has-nested-images columns-default is-cropped wp-block-gallery-3 is-layout-flex wp-block-gallery-is-layout-flex\">\n<figure class=\"wp-block-image size-large\"><img loading=\"lazy\" decoding=\"async\" width=\"1024\" height=\"768\" data-id=\"409\" src=\"https:\/\/eisenbahnfreunde-ostfriesland.de\/wp-content\/uploads\/2025\/12\/20250312_201707-1024x768.jpg\" alt=\"\" class=\"wp-image-409\" srcset=\"http:\/\/eisenbahnfreunde-ostfriesland.de\/wp-content\/uploads\/2025\/12\/20250312_201707-1024x768.jpg 1024w, http:\/\/eisenbahnfreunde-ostfriesland.de\/wp-content\/uploads\/2025\/12\/20250312_201707-300x225.jpg 300w, http:\/\/eisenbahnfreunde-ostfriesland.de\/wp-content\/uploads\/2025\/12\/20250312_201707-768x576.jpg 768w, http:\/\/eisenbahnfreunde-ostfriesland.de\/wp-content\/uploads\/2025\/12\/20250312_201707-1536x1152.jpg 1536w, http:\/\/eisenbahnfreunde-ostfriesland.de\/wp-content\/uploads\/2025\/12\/20250312_201707-2048x1536.jpg 2048w\" sizes=\"auto, (max-width: 767px) 89vw, (max-width: 1000px) 54vw, (max-width: 1071px) 543px, 580px\" \/><\/figure>\n\n\n\n<figure class=\"wp-block-image size-large\"><img loading=\"lazy\" decoding=\"async\" width=\"1024\" height=\"768\" data-id=\"410\" src=\"https:\/\/eisenbahnfreunde-ostfriesland.de\/wp-content\/uploads\/2025\/12\/20250312_201723-1024x768.jpg\" alt=\"\" class=\"wp-image-410\" srcset=\"http:\/\/eisenbahnfreunde-ostfriesland.de\/wp-content\/uploads\/2025\/12\/20250312_201723-1024x768.jpg 1024w, http:\/\/eisenbahnfreunde-ostfriesland.de\/wp-content\/uploads\/2025\/12\/20250312_201723-300x225.jpg 300w, http:\/\/eisenbahnfreunde-ostfriesland.de\/wp-content\/uploads\/2025\/12\/20250312_201723-768x576.jpg 768w, http:\/\/eisenbahnfreunde-ostfriesland.de\/wp-content\/uploads\/2025\/12\/20250312_201723-1536x1152.jpg 1536w, http:\/\/eisenbahnfreunde-ostfriesland.de\/wp-content\/uploads\/2025\/12\/20250312_201723-2048x1536.jpg 2048w\" sizes=\"auto, (max-width: 767px) 89vw, (max-width: 1000px) 54vw, (max-width: 1071px) 543px, 580px\" \/><\/figure>\n\n\n\n<figure class=\"wp-block-image size-large\"><img loading=\"lazy\" decoding=\"async\" width=\"768\" height=\"1024\" data-id=\"408\" src=\"https:\/\/eisenbahnfreunde-ostfriesland.de\/wp-content\/uploads\/2025\/12\/20250312_201906-768x1024.jpg\" alt=\"\" class=\"wp-image-408\" srcset=\"http:\/\/eisenbahnfreunde-ostfriesland.de\/wp-content\/uploads\/2025\/12\/20250312_201906-768x1024.jpg 768w, http:\/\/eisenbahnfreunde-ostfriesland.de\/wp-content\/uploads\/2025\/12\/20250312_201906-225x300.jpg 225w, http:\/\/eisenbahnfreunde-ostfriesland.de\/wp-content\/uploads\/2025\/12\/20250312_201906-1152x1536.jpg 1152w, http:\/\/eisenbahnfreunde-ostfriesland.de\/wp-content\/uploads\/2025\/12\/20250312_201906-1536x2048.jpg 1536w, http:\/\/eisenbahnfreunde-ostfriesland.de\/wp-content\/uploads\/2025\/12\/20250312_201906-scaled.jpg 1920w\" sizes=\"auto, (max-width: 767px) 89vw, (max-width: 1000px) 54vw, (max-width: 1071px) 543px, 580px\" \/><\/figure>\n<\/figure>\n\n\n\n<p><\/p>\n","protected":false},"excerpt":{"rendered":"<p>Nachdem wir endlich in Weener angekommen waren, blickten wir auf eine anstrengende, aber auch aufregende Zeit zur\u00fcck. Der Umzug hatte uns viel Energie und Zeit gekostet, doch die Vorfreude auf das, was vor uns lag, lie\u00df uns alle M\u00fchen schnell vergessen. Unsere K\u00f6pfe waren voller Ideen, wie wir den Dachboden gestalten und nutzen k\u00f6nnten. Das &hellip; <\/p>\n<p class=\"link-more\"><a href=\"http:\/\/eisenbahnfreunde-ostfriesland.de\/?page_id=399\" class=\"more-link\"><span class=\"screen-reader-text\">\u201e&#8230; Neustart in Weener\u201c <\/span>weiterlesen<\/a><\/p>\n","protected":false},"author":1,"featured_media":0,"parent":0,"menu_order":0,"comment_status":"closed","ping_status":"closed","template":"","meta":{"footnotes":""},"class_list":["post-399","page","type-page","status-publish","hentry"],"_links":{"self":[{"href":"http:\/\/eisenbahnfreunde-ostfriesland.de\/index.php?rest_route=\/wp\/v2\/pages\/399","targetHints":{"allow":["GET"]}}],"collection":[{"href":"http:\/\/eisenbahnfreunde-ostfriesland.de\/index.php?rest_route=\/wp\/v2\/pages"}],"about":[{"href":"http:\/\/eisenbahnfreunde-ostfriesland.de\/index.php?rest_route=\/wp\/v2\/types\/page"}],"author":[{"embeddable":true,"href":"http:\/\/eisenbahnfreunde-ostfriesland.de\/index.php?rest_route=\/wp\/v2\/users\/1"}],"replies":[{"embeddable":true,"href":"http:\/\/eisenbahnfreunde-ostfriesland.de\/index.php?rest_route=%2Fwp%2Fv2%2Fcomments&post=399"}],"version-history":[{"count":6,"href":"http:\/\/eisenbahnfreunde-ostfriesland.de\/index.php?rest_route=\/wp\/v2\/pages\/399\/revisions"}],"predecessor-version":[{"id":414,"href":"http:\/\/eisenbahnfreunde-ostfriesland.de\/index.php?rest_route=\/wp\/v2\/pages\/399\/revisions\/414"}],"wp:attachment":[{"href":"http:\/\/eisenbahnfreunde-ostfriesland.de\/index.php?rest_route=%2Fwp%2Fv2%2Fmedia&parent=399"}],"curies":[{"name":"wp","href":"https:\/\/api.w.org\/{rel}","templated":true}]}}