{"id":325,"date":"2023-07-17T15:00:04","date_gmt":"2023-07-17T15:00:04","guid":{"rendered":"http:\/\/eisenbahnfreunde-ostfriesland.de\/?page_id=325"},"modified":"2023-07-18T09:57:20","modified_gmt":"2023-07-18T09:57:20","slug":"der-umzug-nach-weener","status":"publish","type":"page","link":"https:\/\/eisenbahnfreunde-ostfriesland.de\/?page_id=325","title":{"rendered":"&#8230; der Umzug nach Weener"},"content":{"rendered":"\n<p>und dann kam der Tag, an dem klar war, wir m\u00fcssen hier raus. <\/p>\n\n\n\n<p>Es war in den Ausl\u00e4ufern der Corona Pandemie im Juli 2021, als uns die Stadt informierte, dass es zur Plythenbergschule einen Anbau geben sollte. Ein Fluchtweg musst durch unseren H0 Raum gebaut werden. Das sollte zur Konsequenz haben, dass die gesamte H0 Anlage abgebaut werden muss. Nach einigen Gespr\u00e4chen mit der Stadt gab es den Kompromiss, dass nur ein Teil abgebaut werden m\u00fcsste. Die Erleichterung war gro\u00df, der Startschuss zum Anbau blieb aber aus. <\/p>\n\n\n\n<p>Gut ein halbes Jahr sp\u00e4ter hatten sich die Pl\u00e4ne der Stadt ge\u00e4ndert. Der Anbau war zu teuer. Es mussten die bestehenden R\u00e4umlichkeiten genutzt werden. Das hie\u00df dann wiederum, dass unser Verein die R\u00e4ume in der Plythenbergschule vollst\u00e4ndig r\u00e4umen m\u00fcsste. Die Gespr\u00e4che mit dem B\u00fcrgermeister waren offen und konstruktiv. Wir waren fr\u00fch \u00fcber die Zeitpl\u00e4ne informiert, haben uns aber trotzdem nicht getraut unsere Anlagen abzubauen, weil die Pl\u00e4ne noch nicht endg\u00fcltig waren. <\/p>\n\n\n\n<p>Im Herbst 2022 erreichte uns das Schreiben mit dem endg\u00fcltigen Auszugstermin. Das bedeutete, dass wir zum 15.05.2023 die R\u00e4ume in der Plythenbergschule leer \u00fcbergeben mussten. <\/p>\n\n\n\n<p>Es sollte ein Kraftakt werden die Anlagen abzubauen, aber wohin? Gut, dass wir in der Zwischenzeit mit einigen Gespr\u00e4chen einen neuen Dachboden in der alten Kaserne an der Friesenbr\u00fccke in Weener gefunden hatten. Zugegeben, er stand 20 Jahre leer, aber er war gro\u00df: 850 m\u00b2 und damit mehr als doppelt so gro\u00df wie unsere alten R\u00e4ume. Eine Alternative in Leer gab es f\u00fcr die gro\u00dfen Anlagen nicht. <\/p>\n\n\n\n<p>So begann dann die schrecklichste Arbeit f\u00fcr einen Modellbahner, wir mussten unsere Anlagen abbauen. Dies ging leider nicht ohne Sch\u00e4den, weil sie nie f\u00fcr einen Transport gebaut waren und der knappe Zeitplan uns keine Zeit lie\u00df, die Anlage vorzubereiten. <\/p>\n\n\n\n<figure class=\"wp-block-gallery has-nested-images columns-default is-cropped wp-block-gallery-1 is-layout-flex wp-block-gallery-is-layout-flex\">\n<figure class=\"wp-block-image size-large\"><a href=\"http:\/\/eisenbahnfreunde-ostfriesland.de\/wp-content\/uploads\/2019\/11\/IMG_20191026_131754.jpg\" rel=\"lightbox[325]\"><img loading=\"lazy\" decoding=\"async\" width=\"1024\" height=\"768\" data-id=\"248\" src=\"http:\/\/eisenbahnfreunde-ostfriesland.de\/wp-content\/uploads\/2019\/11\/IMG_20191026_131754-1024x768.jpg\" alt=\"Fahrtag 2019\" class=\"wp-image-248\" srcset=\"https:\/\/eisenbahnfreunde-ostfriesland.de\/wp-content\/uploads\/2019\/11\/IMG_20191026_131754-1024x768.jpg 1024w, https:\/\/eisenbahnfreunde-ostfriesland.de\/wp-content\/uploads\/2019\/11\/IMG_20191026_131754-300x225.jpg 300w, https:\/\/eisenbahnfreunde-ostfriesland.de\/wp-content\/uploads\/2019\/11\/IMG_20191026_131754-768x576.jpg 768w\" sizes=\"auto, (max-width: 767px) 89vw, (max-width: 1000px) 54vw, (max-width: 1071px) 543px, 580px\" \/><\/a><\/figure>\n\n\n\n<figure class=\"wp-block-image size-large\"><a href=\"http:\/\/eisenbahnfreunde-ostfriesland.de\/wp-content\/uploads\/2022\/11\/IMG-20221005-WA0023.jpeg\" rel=\"lightbox[325]\"><img loading=\"lazy\" decoding=\"async\" width=\"1024\" height=\"576\" data-id=\"313\" src=\"http:\/\/eisenbahnfreunde-ostfriesland.de\/wp-content\/uploads\/2022\/11\/IMG-20221005-WA0023-1024x576.jpeg\" alt=\"\" class=\"wp-image-313\" srcset=\"https:\/\/eisenbahnfreunde-ostfriesland.de\/wp-content\/uploads\/2022\/11\/IMG-20221005-WA0023-1024x576.jpeg 1024w, https:\/\/eisenbahnfreunde-ostfriesland.de\/wp-content\/uploads\/2022\/11\/IMG-20221005-WA0023-300x169.jpeg 300w, https:\/\/eisenbahnfreunde-ostfriesland.de\/wp-content\/uploads\/2022\/11\/IMG-20221005-WA0023-768x432.jpeg 768w, https:\/\/eisenbahnfreunde-ostfriesland.de\/wp-content\/uploads\/2022\/11\/IMG-20221005-WA0023-1536x864.jpeg 1536w, https:\/\/eisenbahnfreunde-ostfriesland.de\/wp-content\/uploads\/2022\/11\/IMG-20221005-WA0023.jpeg 1920w\" sizes=\"auto, (max-width: 767px) 89vw, (max-width: 1000px) 54vw, (max-width: 1071px) 543px, 580px\" \/><\/a><\/figure>\n\n\n\n<figure class=\"wp-block-image size-large\"><a href=\"http:\/\/eisenbahnfreunde-ostfriesland.de\/wp-content\/uploads\/2023\/07\/IMG-20230308-WA0004-scaled.jpeg\" rel=\"lightbox[325]\"><img loading=\"lazy\" decoding=\"async\" width=\"1024\" height=\"576\" data-id=\"338\" src=\"http:\/\/eisenbahnfreunde-ostfriesland.de\/wp-content\/uploads\/2023\/07\/IMG-20230308-WA0004-1024x576.jpeg\" alt=\"\" class=\"wp-image-338\" srcset=\"https:\/\/eisenbahnfreunde-ostfriesland.de\/wp-content\/uploads\/2023\/07\/IMG-20230308-WA0004-1024x576.jpeg 1024w, https:\/\/eisenbahnfreunde-ostfriesland.de\/wp-content\/uploads\/2023\/07\/IMG-20230308-WA0004-300x169.jpeg 300w, https:\/\/eisenbahnfreunde-ostfriesland.de\/wp-content\/uploads\/2023\/07\/IMG-20230308-WA0004-768x432.jpeg 768w, https:\/\/eisenbahnfreunde-ostfriesland.de\/wp-content\/uploads\/2023\/07\/IMG-20230308-WA0004-1536x864.jpeg 1536w, https:\/\/eisenbahnfreunde-ostfriesland.de\/wp-content\/uploads\/2023\/07\/IMG-20230308-WA0004-2048x1152.jpeg 2048w\" sizes=\"auto, (max-width: 767px) 89vw, (max-width: 1000px) 54vw, (max-width: 1071px) 543px, 580px\" \/><\/a><\/figure>\n\n\n\n<figure class=\"wp-block-image size-large\"><a href=\"http:\/\/eisenbahnfreunde-ostfriesland.de\/wp-content\/uploads\/2023\/07\/IMG-20230308-WA0006-scaled.jpeg\" rel=\"lightbox[325]\"><img loading=\"lazy\" decoding=\"async\" width=\"1024\" height=\"576\" data-id=\"339\" src=\"http:\/\/eisenbahnfreunde-ostfriesland.de\/wp-content\/uploads\/2023\/07\/IMG-20230308-WA0006-1024x576.jpeg\" alt=\"\" class=\"wp-image-339\" srcset=\"https:\/\/eisenbahnfreunde-ostfriesland.de\/wp-content\/uploads\/2023\/07\/IMG-20230308-WA0006-1024x576.jpeg 1024w, https:\/\/eisenbahnfreunde-ostfriesland.de\/wp-content\/uploads\/2023\/07\/IMG-20230308-WA0006-300x169.jpeg 300w, https:\/\/eisenbahnfreunde-ostfriesland.de\/wp-content\/uploads\/2023\/07\/IMG-20230308-WA0006-768x432.jpeg 768w, https:\/\/eisenbahnfreunde-ostfriesland.de\/wp-content\/uploads\/2023\/07\/IMG-20230308-WA0006-1536x864.jpeg 1536w, https:\/\/eisenbahnfreunde-ostfriesland.de\/wp-content\/uploads\/2023\/07\/IMG-20230308-WA0006-2048x1152.jpeg 2048w\" sizes=\"auto, (max-width: 767px) 89vw, (max-width: 1000px) 54vw, (max-width: 1071px) 543px, 580px\" \/><\/a><\/figure>\n\n\n\n<figure class=\"wp-block-image size-large\"><a href=\"http:\/\/eisenbahnfreunde-ostfriesland.de\/wp-content\/uploads\/2023\/07\/IMG-20230311-WA0003.jpg\" rel=\"lightbox[325]\"><img loading=\"lazy\" decoding=\"async\" width=\"1024\" height=\"768\" data-id=\"342\" src=\"http:\/\/eisenbahnfreunde-ostfriesland.de\/wp-content\/uploads\/2023\/07\/IMG-20230311-WA0003-1024x768.jpg\" alt=\"\" class=\"wp-image-342\" srcset=\"https:\/\/eisenbahnfreunde-ostfriesland.de\/wp-content\/uploads\/2023\/07\/IMG-20230311-WA0003-1024x768.jpg 1024w, https:\/\/eisenbahnfreunde-ostfriesland.de\/wp-content\/uploads\/2023\/07\/IMG-20230311-WA0003-300x225.jpg 300w, https:\/\/eisenbahnfreunde-ostfriesland.de\/wp-content\/uploads\/2023\/07\/IMG-20230311-WA0003-768x576.jpg 768w, https:\/\/eisenbahnfreunde-ostfriesland.de\/wp-content\/uploads\/2023\/07\/IMG-20230311-WA0003-1536x1152.jpg 1536w, https:\/\/eisenbahnfreunde-ostfriesland.de\/wp-content\/uploads\/2023\/07\/IMG-20230311-WA0003.jpg 1600w\" sizes=\"auto, (max-width: 767px) 89vw, (max-width: 1000px) 54vw, (max-width: 1071px) 543px, 580px\" \/><\/a><\/figure>\n\n\n\n<figure class=\"wp-block-image size-large\"><a href=\"http:\/\/eisenbahnfreunde-ostfriesland.de\/wp-content\/uploads\/2023\/07\/IMG-20230311-WA0005.jpg\" rel=\"lightbox[325]\"><img loading=\"lazy\" decoding=\"async\" width=\"768\" height=\"1024\" data-id=\"344\" src=\"http:\/\/eisenbahnfreunde-ostfriesland.de\/wp-content\/uploads\/2023\/07\/IMG-20230311-WA0005-768x1024.jpg\" alt=\"\" class=\"wp-image-344\" srcset=\"https:\/\/eisenbahnfreunde-ostfriesland.de\/wp-content\/uploads\/2023\/07\/IMG-20230311-WA0005-768x1024.jpg 768w, https:\/\/eisenbahnfreunde-ostfriesland.de\/wp-content\/uploads\/2023\/07\/IMG-20230311-WA0005-225x300.jpg 225w, https:\/\/eisenbahnfreunde-ostfriesland.de\/wp-content\/uploads\/2023\/07\/IMG-20230311-WA0005-1152x1536.jpg 1152w, https:\/\/eisenbahnfreunde-ostfriesland.de\/wp-content\/uploads\/2023\/07\/IMG-20230311-WA0005.jpg 1200w\" sizes=\"auto, (max-width: 767px) 89vw, (max-width: 1000px) 54vw, (max-width: 1071px) 543px, 580px\" \/><\/a><\/figure>\n\n\n\n<figure class=\"wp-block-image size-large\"><a href=\"http:\/\/eisenbahnfreunde-ostfriesland.de\/wp-content\/uploads\/2023\/07\/IMG-20230311-WA0004.jpg\" rel=\"lightbox[325]\"><img loading=\"lazy\" decoding=\"async\" width=\"1024\" height=\"768\" data-id=\"343\" src=\"http:\/\/eisenbahnfreunde-ostfriesland.de\/wp-content\/uploads\/2023\/07\/IMG-20230311-WA0004-1024x768.jpg\" alt=\"\" class=\"wp-image-343\" srcset=\"https:\/\/eisenbahnfreunde-ostfriesland.de\/wp-content\/uploads\/2023\/07\/IMG-20230311-WA0004-1024x768.jpg 1024w, https:\/\/eisenbahnfreunde-ostfriesland.de\/wp-content\/uploads\/2023\/07\/IMG-20230311-WA0004-300x225.jpg 300w, https:\/\/eisenbahnfreunde-ostfriesland.de\/wp-content\/uploads\/2023\/07\/IMG-20230311-WA0004-768x576.jpg 768w, https:\/\/eisenbahnfreunde-ostfriesland.de\/wp-content\/uploads\/2023\/07\/IMG-20230311-WA0004-1536x1152.jpg 1536w, https:\/\/eisenbahnfreunde-ostfriesland.de\/wp-content\/uploads\/2023\/07\/IMG-20230311-WA0004.jpg 1600w\" sizes=\"auto, (max-width: 767px) 89vw, (max-width: 1000px) 54vw, (max-width: 1071px) 543px, 580px\" \/><\/a><\/figure>\n\n\n\n<figure class=\"wp-block-image size-large\"><a href=\"http:\/\/eisenbahnfreunde-ostfriesland.de\/wp-content\/uploads\/2023\/07\/IMG-20230311-WA0006.jpg\" rel=\"lightbox[325]\"><img loading=\"lazy\" decoding=\"async\" width=\"768\" height=\"1024\" data-id=\"345\" src=\"http:\/\/eisenbahnfreunde-ostfriesland.de\/wp-content\/uploads\/2023\/07\/IMG-20230311-WA0006-768x1024.jpg\" alt=\"\" class=\"wp-image-345\" srcset=\"https:\/\/eisenbahnfreunde-ostfriesland.de\/wp-content\/uploads\/2023\/07\/IMG-20230311-WA0006-768x1024.jpg 768w, https:\/\/eisenbahnfreunde-ostfriesland.de\/wp-content\/uploads\/2023\/07\/IMG-20230311-WA0006-225x300.jpg 225w, https:\/\/eisenbahnfreunde-ostfriesland.de\/wp-content\/uploads\/2023\/07\/IMG-20230311-WA0006-1152x1536.jpg 1152w, https:\/\/eisenbahnfreunde-ostfriesland.de\/wp-content\/uploads\/2023\/07\/IMG-20230311-WA0006.jpg 1200w\" sizes=\"auto, (max-width: 767px) 89vw, (max-width: 1000px) 54vw, (max-width: 1071px) 543px, 580px\" \/><\/a><\/figure>\n\n\n\n<figure class=\"wp-block-image size-large\"><a href=\"http:\/\/eisenbahnfreunde-ostfriesland.de\/wp-content\/uploads\/2023\/07\/IMG-20230311-WA0012.jpg\" rel=\"lightbox[325]\"><img loading=\"lazy\" decoding=\"async\" width=\"1024\" height=\"768\" data-id=\"351\" src=\"http:\/\/eisenbahnfreunde-ostfriesland.de\/wp-content\/uploads\/2023\/07\/IMG-20230311-WA0012-1024x768.jpg\" alt=\"\" class=\"wp-image-351\" srcset=\"https:\/\/eisenbahnfreunde-ostfriesland.de\/wp-content\/uploads\/2023\/07\/IMG-20230311-WA0012-1024x768.jpg 1024w, https:\/\/eisenbahnfreunde-ostfriesland.de\/wp-content\/uploads\/2023\/07\/IMG-20230311-WA0012-300x225.jpg 300w, https:\/\/eisenbahnfreunde-ostfriesland.de\/wp-content\/uploads\/2023\/07\/IMG-20230311-WA0012-768x576.jpg 768w, https:\/\/eisenbahnfreunde-ostfriesland.de\/wp-content\/uploads\/2023\/07\/IMG-20230311-WA0012-1536x1152.jpg 1536w, https:\/\/eisenbahnfreunde-ostfriesland.de\/wp-content\/uploads\/2023\/07\/IMG-20230311-WA0012.jpg 1600w\" sizes=\"auto, (max-width: 767px) 89vw, (max-width: 1000px) 54vw, (max-width: 1071px) 543px, 580px\" \/><\/a><\/figure>\n\n\n\n<figure class=\"wp-block-image size-large\"><a href=\"http:\/\/eisenbahnfreunde-ostfriesland.de\/wp-content\/uploads\/2023\/07\/IMG-20230311-WA0013-scaled.jpeg\" rel=\"lightbox[325]\"><img loading=\"lazy\" decoding=\"async\" width=\"1024\" height=\"576\" data-id=\"352\" src=\"http:\/\/eisenbahnfreunde-ostfriesland.de\/wp-content\/uploads\/2023\/07\/IMG-20230311-WA0013-1024x576.jpeg\" alt=\"\" class=\"wp-image-352\" srcset=\"https:\/\/eisenbahnfreunde-ostfriesland.de\/wp-content\/uploads\/2023\/07\/IMG-20230311-WA0013-1024x576.jpeg 1024w, https:\/\/eisenbahnfreunde-ostfriesland.de\/wp-content\/uploads\/2023\/07\/IMG-20230311-WA0013-300x169.jpeg 300w, https:\/\/eisenbahnfreunde-ostfriesland.de\/wp-content\/uploads\/2023\/07\/IMG-20230311-WA0013-768x432.jpeg 768w, https:\/\/eisenbahnfreunde-ostfriesland.de\/wp-content\/uploads\/2023\/07\/IMG-20230311-WA0013-1536x864.jpeg 1536w, https:\/\/eisenbahnfreunde-ostfriesland.de\/wp-content\/uploads\/2023\/07\/IMG-20230311-WA0013-2048x1152.jpeg 2048w\" sizes=\"auto, (max-width: 767px) 89vw, (max-width: 1000px) 54vw, (max-width: 1071px) 543px, 580px\" \/><\/a><\/figure>\n\n\n\n<figure class=\"wp-block-image size-large\"><a href=\"http:\/\/eisenbahnfreunde-ostfriesland.de\/wp-content\/uploads\/2023\/07\/IMG-20230503-WA0000.jpg\" rel=\"lightbox[325]\"><img loading=\"lazy\" decoding=\"async\" width=\"768\" height=\"1024\" data-id=\"356\" src=\"http:\/\/eisenbahnfreunde-ostfriesland.de\/wp-content\/uploads\/2023\/07\/IMG-20230503-WA0000-768x1024.jpg\" alt=\"\" class=\"wp-image-356\" srcset=\"https:\/\/eisenbahnfreunde-ostfriesland.de\/wp-content\/uploads\/2023\/07\/IMG-20230503-WA0000-768x1024.jpg 768w, https:\/\/eisenbahnfreunde-ostfriesland.de\/wp-content\/uploads\/2023\/07\/IMG-20230503-WA0000-225x300.jpg 225w, https:\/\/eisenbahnfreunde-ostfriesland.de\/wp-content\/uploads\/2023\/07\/IMG-20230503-WA0000-1152x1536.jpg 1152w, https:\/\/eisenbahnfreunde-ostfriesland.de\/wp-content\/uploads\/2023\/07\/IMG-20230503-WA0000.jpg 1500w\" sizes=\"auto, (max-width: 767px) 89vw, (max-width: 1000px) 54vw, (max-width: 1071px) 543px, 580px\" \/><\/a><\/figure>\n\n\n\n<figure class=\"wp-block-image size-large\"><a href=\"http:\/\/eisenbahnfreunde-ostfriesland.de\/wp-content\/uploads\/2023\/07\/IMG-20230503-WA0001.jpg\" rel=\"lightbox[325]\"><img loading=\"lazy\" decoding=\"async\" width=\"768\" height=\"1024\" data-id=\"357\" src=\"http:\/\/eisenbahnfreunde-ostfriesland.de\/wp-content\/uploads\/2023\/07\/IMG-20230503-WA0001-768x1024.jpg\" alt=\"\" class=\"wp-image-357\" srcset=\"https:\/\/eisenbahnfreunde-ostfriesland.de\/wp-content\/uploads\/2023\/07\/IMG-20230503-WA0001-768x1024.jpg 768w, https:\/\/eisenbahnfreunde-ostfriesland.de\/wp-content\/uploads\/2023\/07\/IMG-20230503-WA0001-225x300.jpg 225w, https:\/\/eisenbahnfreunde-ostfriesland.de\/wp-content\/uploads\/2023\/07\/IMG-20230503-WA0001-1152x1536.jpg 1152w, https:\/\/eisenbahnfreunde-ostfriesland.de\/wp-content\/uploads\/2023\/07\/IMG-20230503-WA0001.jpg 1500w\" sizes=\"auto, (max-width: 767px) 89vw, (max-width: 1000px) 54vw, (max-width: 1071px) 543px, 580px\" \/><\/a><\/figure>\n\n\n\n<figure class=\"wp-block-image size-large\"><a href=\"http:\/\/eisenbahnfreunde-ostfriesland.de\/wp-content\/uploads\/2023\/07\/IMG-20230506-WA0001.jpg\" rel=\"lightbox[325]\"><img loading=\"lazy\" decoding=\"async\" width=\"768\" height=\"1024\" data-id=\"358\" src=\"http:\/\/eisenbahnfreunde-ostfriesland.de\/wp-content\/uploads\/2023\/07\/IMG-20230506-WA0001-768x1024.jpg\" alt=\"\" class=\"wp-image-358\" srcset=\"https:\/\/eisenbahnfreunde-ostfriesland.de\/wp-content\/uploads\/2023\/07\/IMG-20230506-WA0001-768x1024.jpg 768w, https:\/\/eisenbahnfreunde-ostfriesland.de\/wp-content\/uploads\/2023\/07\/IMG-20230506-WA0001-225x300.jpg 225w, https:\/\/eisenbahnfreunde-ostfriesland.de\/wp-content\/uploads\/2023\/07\/IMG-20230506-WA0001-1152x1536.jpg 1152w, https:\/\/eisenbahnfreunde-ostfriesland.de\/wp-content\/uploads\/2023\/07\/IMG-20230506-WA0001.jpg 1500w\" sizes=\"auto, (max-width: 767px) 89vw, (max-width: 1000px) 54vw, (max-width: 1071px) 543px, 580px\" \/><\/a><\/figure>\n\n\n\n<figure class=\"wp-block-image size-large\"><a href=\"http:\/\/eisenbahnfreunde-ostfriesland.de\/wp-content\/uploads\/2023\/07\/IMG-20230506-WA0002.jpg\" rel=\"lightbox[325]\"><img loading=\"lazy\" decoding=\"async\" width=\"768\" height=\"1024\" data-id=\"359\" src=\"http:\/\/eisenbahnfreunde-ostfriesland.de\/wp-content\/uploads\/2023\/07\/IMG-20230506-WA0002-768x1024.jpg\" alt=\"\" class=\"wp-image-359\" srcset=\"https:\/\/eisenbahnfreunde-ostfriesland.de\/wp-content\/uploads\/2023\/07\/IMG-20230506-WA0002-768x1024.jpg 768w, https:\/\/eisenbahnfreunde-ostfriesland.de\/wp-content\/uploads\/2023\/07\/IMG-20230506-WA0002-225x300.jpg 225w, https:\/\/eisenbahnfreunde-ostfriesland.de\/wp-content\/uploads\/2023\/07\/IMG-20230506-WA0002-1152x1536.jpg 1152w, https:\/\/eisenbahnfreunde-ostfriesland.de\/wp-content\/uploads\/2023\/07\/IMG-20230506-WA0002.jpg 1500w\" sizes=\"auto, (max-width: 767px) 89vw, (max-width: 1000px) 54vw, (max-width: 1071px) 543px, 580px\" \/><\/a><\/figure>\n\n\n\n<figure class=\"wp-block-image size-large\"><a href=\"http:\/\/eisenbahnfreunde-ostfriesland.de\/wp-content\/uploads\/2023\/07\/IMG-20230311-WA0008.jpg\" rel=\"lightbox[325]\"><img loading=\"lazy\" decoding=\"async\" width=\"768\" height=\"1024\" data-id=\"347\" src=\"http:\/\/eisenbahnfreunde-ostfriesland.de\/wp-content\/uploads\/2023\/07\/IMG-20230311-WA0008-768x1024.jpg\" alt=\"\" class=\"wp-image-347\" srcset=\"https:\/\/eisenbahnfreunde-ostfriesland.de\/wp-content\/uploads\/2023\/07\/IMG-20230311-WA0008-768x1024.jpg 768w, https:\/\/eisenbahnfreunde-ostfriesland.de\/wp-content\/uploads\/2023\/07\/IMG-20230311-WA0008-225x300.jpg 225w, https:\/\/eisenbahnfreunde-ostfriesland.de\/wp-content\/uploads\/2023\/07\/IMG-20230311-WA0008-1152x1536.jpg 1152w, https:\/\/eisenbahnfreunde-ostfriesland.de\/wp-content\/uploads\/2023\/07\/IMG-20230311-WA0008.jpg 1200w\" sizes=\"auto, (max-width: 767px) 89vw, (max-width: 1000px) 54vw, (max-width: 1071px) 543px, 580px\" \/><\/a><\/figure>\n<\/figure>\n\n\n\n<p>Heute sind wir in Weener angekommen. Sehen sie in den Blogbeitr\u00e4gen auf der Startseite, wie die Anlagen neu entstehen.  <\/p>\n","protected":false},"excerpt":{"rendered":"<p>und dann kam der Tag, an dem klar war, wir m\u00fcssen hier raus. Es war in den Ausl\u00e4ufern der Corona Pandemie im Juli 2021, als uns die Stadt informierte, dass es zur Plythenbergschule einen Anbau geben sollte. Ein Fluchtweg musst durch unseren H0 Raum gebaut werden. Das sollte zur Konsequenz haben, dass die gesamte H0 &hellip; <\/p>\n<p class=\"link-more\"><a href=\"https:\/\/eisenbahnfreunde-ostfriesland.de\/?page_id=325\" class=\"more-link\"><span class=\"screen-reader-text\">\u201e&#8230; der Umzug nach Weener\u201c <\/span>weiterlesen<\/a><\/p>\n","protected":false},"author":1,"featured_media":0,"parent":0,"menu_order":0,"comment_status":"closed","ping_status":"closed","template":"","meta":{"footnotes":""},"class_list":["post-325","page","type-page","status-publish","hentry"],"_links":{"self":[{"href":"https:\/\/eisenbahnfreunde-ostfriesland.de\/index.php?rest_route=\/wp\/v2\/pages\/325","targetHints":{"allow":["GET"]}}],"collection":[{"href":"https:\/\/eisenbahnfreunde-ostfriesland.de\/index.php?rest_route=\/wp\/v2\/pages"}],"about":[{"href":"https:\/\/eisenbahnfreunde-ostfriesland.de\/index.php?rest_route=\/wp\/v2\/types\/page"}],"author":[{"embeddable":true,"href":"https:\/\/eisenbahnfreunde-ostfriesland.de\/index.php?rest_route=\/wp\/v2\/users\/1"}],"replies":[{"embeddable":true,"href":"https:\/\/eisenbahnfreunde-ostfriesland.de\/index.php?rest_route=%2Fwp%2Fv2%2Fcomments&post=325"}],"version-history":[{"count":3,"href":"https:\/\/eisenbahnfreunde-ostfriesland.de\/index.php?rest_route=\/wp\/v2\/pages\/325\/revisions"}],"predecessor-version":[{"id":363,"href":"https:\/\/eisenbahnfreunde-ostfriesland.de\/index.php?rest_route=\/wp\/v2\/pages\/325\/revisions\/363"}],"wp:attachment":[{"href":"https:\/\/eisenbahnfreunde-ostfriesland.de\/index.php?rest_route=%2Fwp%2Fv2%2Fmedia&parent=325"}],"curies":[{"name":"wp","href":"https:\/\/api.w.org\/{rel}","templated":true}]}}