{"id":62,"date":"2018-03-17T20:16:07","date_gmt":"2018-03-17T20:16:07","guid":{"rendered":"http:\/\/eisenbahnfreunde-ostfriesland.de\/?page_id=62"},"modified":"2018-03-17T20:18:42","modified_gmt":"2018-03-17T20:18:42","slug":"wie-alles-begann","status":"publish","type":"page","link":"https:\/\/eisenbahnfreunde-ostfriesland.de\/?page_id=62","title":{"rendered":"Wie alles begann &#8230;"},"content":{"rendered":"<p><span style=\"font-family: Arial;\"><span class=\"small\" style=\"font-size: xx-small;\">aus der Sicht des Vereinsgr\u00fcnders<\/span><\/span><\/p>\n<p><span style=\"font-family: Arial;\">Irgendwann in seinem Leben hat man so eine Idee, von der man von Anfang an nicht genau wei\u00df, was aus ihr wird. So war das auch bei mir im Jahr 1985. Ich war damals begeisterter Modelleisenbahnbauer und bin es noch heute. Damals ging ich diesem Hobby allein nach und dachte mir, dass man das auch mit Gleichgesinnten tun k\u00f6nne. Ich suchte per Anzeige in einem Eisenbahnladen Mitstreiter und lernte so Eisenbahnfreunde kennen, die zum Teil heute noch in unserem Verein t\u00e4tig sind.<\/span><\/p>\n<p>Seit \u00fcber dreizig Jahren \u00fcben wir dieses Hobby nun gemeinsam aus. Es sind im Laufe der Zeit viele neue Mitglieder zu uns gesto\u00dfen und immer noch tauchen wir einmal die Woche in \u201eunsere Welt\u201c ein, die uns Entspannung, Freude, Erfolgserlebnisse und immer wieder Neues bietet. Beim Bauen und Betreiben von Anlagen bieten sich jedem Individualisten M\u00f6glichkeiten, sich in das gemeinsame Projekt einzubringen, und so sind die aktiven Mitglieder im Laufe der Zeit an den Aufgaben gewachsen und nicht wenige haben sich zu Spezialisten entwickelt, die auf ihrem Gebiet wahre K\u00f6nner sind. Dennoch arbeiten alle gemeinsam an der \u201egro\u00dfen Sache\u201c.<\/p>\n<p>Zum Ende der achtziger Jahre habe ich dann auch noch den \u201e Spur \u2013 0 \u2013 Bazillus\u201c in den Verein eingeschleppt, und einige haben sich infiziert und sind von dem Flair der gro\u00dfen Spurweite immer noch begeistert. Da wir alle unserem Hobby mehr oder weniger verfallen sind, bleibt f\u00fcr die klassische Vereinsarbeit weniger Zeit, und im Grunde findet diese Arbeit einmal im Jahr auf der Hauptversammlung statt. Dort werden alle relevanten Entscheidungen getroffen, und das gelingt nur, weil von einzelnen Mitgliedern im Vorfeld erarbeitete Entwicklungsm\u00f6glichkeiten vorgestellt und gemeinsam koordiniert werden.<\/p>\n<p>Auf unserer Homepage kann sie sehen was aus der Entwicklung der \u201eEisenbahnfreunde \u2013Ostfriesland\u201c\u00a0 Interessantes und auch Kurioses geworden ist. Vielleicht ermuntert sie sogar den einen oder anderen sich uns anzuschlie\u00dfen, damit wir alle gemeinsam diesem sch\u00f6nen Hobby nachgehen k\u00f6nnen.<\/p>\n<p><img loading=\"lazy\" decoding=\"async\" class=\"aligncenter wp-image-199 size-large\" src=\"http:\/\/eisenbahnfreunde-ostfriesland.de\/wp-content\/uploads\/2018\/03\/Handzettel-1024x703.png\" alt=\"\" width=\"525\" height=\"360\" srcset=\"https:\/\/eisenbahnfreunde-ostfriesland.de\/wp-content\/uploads\/2018\/03\/Handzettel-1024x703.png 1024w, https:\/\/eisenbahnfreunde-ostfriesland.de\/wp-content\/uploads\/2018\/03\/Handzettel-300x206.png 300w, https:\/\/eisenbahnfreunde-ostfriesland.de\/wp-content\/uploads\/2018\/03\/Handzettel-768x527.png 768w, https:\/\/eisenbahnfreunde-ostfriesland.de\/wp-content\/uploads\/2018\/03\/Handzettel.png 1167w\" sizes=\"auto, (max-width: 525px) 100vw, 525px\" \/><\/p>\n","protected":false},"excerpt":{"rendered":"<p>aus der Sicht des Vereinsgr\u00fcnders Irgendwann in seinem Leben hat man so eine Idee, von der man von Anfang an nicht genau wei\u00df, was aus ihr wird. So war das auch bei mir im Jahr 1985. Ich war damals begeisterter Modelleisenbahnbauer und bin es noch heute. Damals ging ich diesem Hobby allein nach und dachte &hellip; <\/p>\n<p class=\"link-more\"><a href=\"https:\/\/eisenbahnfreunde-ostfriesland.de\/?page_id=62\" class=\"more-link\"><span class=\"screen-reader-text\">\u201eWie alles begann &#8230;\u201c <\/span>weiterlesen<\/a><\/p>\n","protected":false},"author":1,"featured_media":0,"parent":0,"menu_order":0,"comment_status":"closed","ping_status":"closed","template":"","meta":{"footnotes":""},"class_list":["post-62","page","type-page","status-publish","hentry"],"_links":{"self":[{"href":"https:\/\/eisenbahnfreunde-ostfriesland.de\/index.php?rest_route=\/wp\/v2\/pages\/62","targetHints":{"allow":["GET"]}}],"collection":[{"href":"https:\/\/eisenbahnfreunde-ostfriesland.de\/index.php?rest_route=\/wp\/v2\/pages"}],"about":[{"href":"https:\/\/eisenbahnfreunde-ostfriesland.de\/index.php?rest_route=\/wp\/v2\/types\/page"}],"author":[{"embeddable":true,"href":"https:\/\/eisenbahnfreunde-ostfriesland.de\/index.php?rest_route=\/wp\/v2\/users\/1"}],"replies":[{"embeddable":true,"href":"https:\/\/eisenbahnfreunde-ostfriesland.de\/index.php?rest_route=%2Fwp%2Fv2%2Fcomments&post=62"}],"version-history":[{"count":4,"href":"https:\/\/eisenbahnfreunde-ostfriesland.de\/index.php?rest_route=\/wp\/v2\/pages\/62\/revisions"}],"predecessor-version":[{"id":202,"href":"https:\/\/eisenbahnfreunde-ostfriesland.de\/index.php?rest_route=\/wp\/v2\/pages\/62\/revisions\/202"}],"wp:attachment":[{"href":"https:\/\/eisenbahnfreunde-ostfriesland.de\/index.php?rest_route=%2Fwp%2Fv2%2Fmedia&parent=62"}],"curies":[{"name":"wp","href":"https:\/\/api.w.org\/{rel}","templated":true}]}}